{"id":3885,"date":"2025-09-04T08:29:30","date_gmt":"2025-09-04T08:29:30","guid":{"rendered":"https:\/\/recens.com\/wie-sie-entstehen\/"},"modified":"2025-10-17T05:02:33","modified_gmt":"2025-10-17T05:02:33","slug":"wie-sie-entstehen","status":"publish","type":"page","link":"https:\/\/recens.com\/de\/wie-sie-entstehen\/","title":{"rendered":"Wie sie entstehen"},"content":{"rendered":"\t\t<div data-elementor-type=\"wp-page\" data-elementor-id=\"3885\" class=\"elementor elementor-3885 elementor-3509\" data-elementor-post-type=\"page\">\n\t\t\t\t<div class=\"elementor-element elementor-element-c9f6ccf e-con-full e-flex e-con e-parent\" data-id=\"c9f6ccf\" data-element_type=\"container\" data-settings=\"{&quot;background_background&quot;:&quot;classic&quot;,&quot;enable_glow_container&quot;:&quot;no&quot;}\">\n\t\t<div class=\"elementor-element elementor-element-748f708 e-con-full e-flex e-con e-child\" data-id=\"748f708\" data-element_type=\"container\" data-settings=\"{&quot;enable_glow_container&quot;:&quot;no&quot;}\">\n\t\t<div class=\"elementor-element elementor-element-3e2efb1 e-con-full e-flex e-con e-child\" data-id=\"3e2efb1\" data-element_type=\"container\" data-settings=\"{&quot;cew_animation_ease&quot;:&quot;cubic-bezier(0.33, 1, 0.68, 1)&quot;,&quot;cew_animation_enable&quot;:&quot;yes&quot;,&quot;cew_animation_translate_y_toggle&quot;:&quot;yes&quot;,&quot;cew_animation_from_translate_y&quot;:{&quot;unit&quot;:&quot;vw&quot;,&quot;size&quot;:5,&quot;sizes&quot;:[]},&quot;cew_animation_from_translate_y_tablet&quot;:{&quot;unit&quot;:&quot;vw&quot;,&quot;size&quot;:&quot;&quot;,&quot;sizes&quot;:[]},&quot;cew_animation_from_translate_y_mobile&quot;:{&quot;unit&quot;:&quot;vw&quot;,&quot;size&quot;:&quot;&quot;,&quot;sizes&quot;:[]},&quot;cew_animation_to_translate_y&quot;:{&quot;unit&quot;:&quot;vw&quot;,&quot;size&quot;:&quot;&quot;,&quot;sizes&quot;:[]},&quot;cew_animation_to_translate_y_tablet&quot;:{&quot;unit&quot;:&quot;vw&quot;,&quot;size&quot;:&quot;&quot;,&quot;sizes&quot;:[]},&quot;cew_animation_to_translate_y_mobile&quot;:{&quot;unit&quot;:&quot;vw&quot;,&quot;size&quot;:&quot;&quot;,&quot;sizes&quot;:[]},&quot;cew_animation_opacity_toggle&quot;:&quot;yes&quot;,&quot;cew_animation_delay&quot;:0.8,&quot;enable_glow_container&quot;:&quot;no&quot;,&quot;cew_animation_duration&quot;:1,&quot;cew_animation_from_opacity&quot;:0,&quot;cew_animation_to_opacity&quot;:1}\">\n\t\t\t\t<div class=\"elementor-element elementor-element-fdaa36b elementor-widget elementor-widget-heading\" data-id=\"fdaa36b\" data-element_type=\"widget\" data-settings=\"{&quot;custom-text-animation&quot;:&quot;type3&quot;}\" data-widget_type=\"heading.default\">\n\t\t\t\t<div class=\"elementor-widget-container\">\n\t\t\t\t\t<div data-animation-type=\"type3\" ><p class=\"elementor-heading-title elementor-size-default\">Technologie im Dienste der Edelmetalle<\/p><\/div>\t\t\t\t<\/div>\n\t\t\t\t<\/div>\n\t\t\t\t<div class=\"elementor-element elementor-element-b779a82 elementor-widget elementor-widget-heading\" data-id=\"b779a82\" data-element_type=\"widget\" data-settings=\"{&quot;custom-text-animation&quot;:&quot;type3&quot;}\" data-widget_type=\"heading.default\">\n\t\t\t\t<div class=\"elementor-widget-container\">\n\t\t\t\t\t<div data-animation-type=\"type3\" ><h1 class=\"elementor-heading-title elementor-size-default\">Gold in seiner reinsten Form. Perfektion in jedem Detail<\/h1><\/div>\t\t\t\t<\/div>\n\t\t\t\t<\/div>\n\t\t\t\t<div class=\"elementor-element elementor-element-7ea52ca elementor-widget elementor-widget-text-editor\" data-id=\"7ea52ca\" data-element_type=\"widget\" data-widget_type=\"text-editor.default\">\n\t\t\t\t<div class=\"elementor-widget-container\">\n\t\t\t\t\t\t\t\t\tPremium-Qualit\u00e4t kennt keine Kompromisse. Wir auch nicht. Nur das Beste erreicht Sie. Dies stellen wir in jeder Produktionsphase sicher.\t\t\t\t\t\t\t\t<\/div>\n\t\t\t\t<\/div>\n\t\t\t\t<\/div>\n\t\t\t\t<\/div>\n\t\t<div class=\"elementor-element elementor-element-b367b7a e-con-full e-flex e-con e-child\" data-id=\"b367b7a\" data-element_type=\"container\" data-settings=\"{&quot;background_background&quot;:&quot;classic&quot;,&quot;enable_glow_container&quot;:&quot;no&quot;}\">\n\t\t\t\t<div class=\"elementor-element elementor-element-edd716b elementor-widget elementor-widget-video\" data-id=\"edd716b\" data-element_type=\"widget\" data-settings=\"{&quot;video_type&quot;:&quot;hosted&quot;,&quot;autoplay&quot;:&quot;yes&quot;,&quot;play_on_mobile&quot;:&quot;yes&quot;,&quot;mute&quot;:&quot;yes&quot;,&quot;loop&quot;:&quot;yes&quot;,&quot;controls&quot;:&quot;yes&quot;}\" data-widget_type=\"video.default\">\n\t\t\t\t<div class=\"elementor-widget-container\">\n\t\t\t\t\t\t\t<div class=\"e-hosted-video elementor-wrapper elementor-open-inline\">\n\t\t\t\t\t<video class=\"elementor-video\" src=\"https:\/\/recens.com\/wp-content\/uploads\/2025\/09\/6.1PLKaua-ezgif.com-crop-video.mov\" autoplay=\"\" loop=\"\" controls=\"\" muted=\"muted\" playsinline=\"\" controlsList=\"nodownload\"><\/video>\n\t\t\t\t<\/div>\n\t\t\t\t\t\t<\/div>\n\t\t\t\t<\/div>\n\t\t\t\t<\/div>\n\t\t<div class=\"elementor-element elementor-element-3150265 e-con-full scrollWidget e-flex e-con e-child\" data-id=\"3150265\" data-element_type=\"container\" data-settings=\"{&quot;background_background&quot;:&quot;classic&quot;,&quot;position&quot;:&quot;fixed&quot;,&quot;enable_glow_container&quot;:&quot;no&quot;}\">\n\t\t\t\t<div class=\"elementor-element elementor-element-dc20bb3 elementor-widget elementor-widget-html\" data-id=\"dc20bb3\" data-element_type=\"widget\" data-widget_type=\"html.default\">\n\t\t\t\t<div class=\"elementor-widget-container\">\n\t\t\t\t\t<a class=\"hero-mouse anchor\" href=\"#CHANGEME\">\n  <div class=\"mouse-icon\"><span><\/span><\/div>\n<\/a>\n\n  <script>\n  (function() {\n    const bannerWidget = document.querySelector('.scrollWidget');\n    let isBannerVisibleByScroll = true; \n    let lastScrollY = window.scrollY;\n    let initialAnimationComplete = false;\n\n    if (bannerWidget && typeof gsap !== 'undefined') {\n      gsap.set(bannerWidget, { opacity: 0, y: 250 });\n\n      gsap.fromTo(bannerWidget, {\n        y: 250,\n        opacity: 0\n      }, {\n        duration: 2.5,\n        ease: \"back.out(1.7)\",\n        y: 0,\n        opacity: 1,\n        delay: 3,\n        onComplete: () => {\n          initialAnimationComplete = true;\n          isBannerVisibleByScroll = true;\n        }\n      });\n\n      window.addEventListener('scroll', () => {\n        if (!initialAnimationComplete) return;\n\n        const currentScrollY = window.scrollY;\n\n        if (currentScrollY > lastScrollY && currentScrollY > 50) {\n          \/\/ Scroll w d\u00f3\u0142 \u2013 chowamy baner w d\u00f3\u0142\n          if (isBannerVisibleByScroll && !gsap.isTweening(bannerWidget)) {\n            gsap.to(bannerWidget, {\n              duration: 1.5,\n              y: 250,\n              opacity: 0,\n              ease: \"power2.inOut\",\n              onComplete: () => { isBannerVisibleByScroll = false; }\n            });\n          }\n        } else if (currentScrollY < lastScrollY || currentScrollY <= 50) {\n          \/\/ Scroll w g\u00f3r\u0119 \u2013 pokazujemy baner z do\u0142u\n          if (!isBannerVisibleByScroll && !gsap.isTweening(bannerWidget)) {\n            gsap.to(bannerWidget, {\n              duration: 1.5,\n              y: 0,\n              opacity: 1,\n              ease: \"power2.inOut\",\n              onComplete: () => { isBannerVisibleByScroll = true; }\n            });\n          }\n        }\n\n        lastScrollY = currentScrollY;\n      });\n\n    } else {\n      if (typeof gsap === 'undefined') {\n        console.warn('GSAP library not loaded. Banner animation skipped.');\n      }\n      if (!bannerWidget) {\n        console.warn('Banner element (.scrollWidget) not found for animation.');\n      }\n    }\n  })();\n<\/script>\t\t\t\t<\/div>\n\t\t\t\t<\/div>\n\t\t\t\t<div class=\"elementor-element elementor-element-b5879d1 elementor-hidden-mobile elementor-widget elementor-widget-heading\" data-id=\"b5879d1\" data-element_type=\"widget\" data-widget_type=\"heading.default\">\n\t\t\t\t<div class=\"elementor-widget-container\">\n\t\t\t\t\t<div class=\"elementor-heading-title elementor-size-default\">Scrollen<\/div>\t\t\t\t<\/div>\n\t\t\t\t<\/div>\n\t\t\t\t<\/div>\n\t\t\t\t<\/div>\n\t\t<div class=\"elementor-element elementor-element-93300ea e-con-full e-flex e-con e-parent\" data-id=\"93300ea\" data-element_type=\"container\" data-settings=\"{&quot;enable_glow_container&quot;:&quot;no&quot;}\">\n\t\t<div class=\"elementor-element elementor-element-89e6928 e-con-full e-flex e-con e-child\" data-id=\"89e6928\" data-element_type=\"container\" data-settings=\"{&quot;enable_glow_container&quot;:&quot;no&quot;}\">\n\t\t<div class=\"elementor-element elementor-element-5bf987e e-con-full e-flex e-con e-child\" data-id=\"5bf987e\" data-element_type=\"container\" data-settings=\"{&quot;enable_glow_container&quot;:&quot;no&quot;}\">\n\t\t\t\t<div class=\"elementor-element elementor-element-2f9f2c9 elementor-widget elementor-widget-heading\" data-id=\"2f9f2c9\" data-element_type=\"widget\" data-widget_type=\"heading.default\">\n\t\t\t\t<div class=\"elementor-widget-container\">\n\t\t\t\t\t<div data-scribble-type=\"basicUnderline\" class=\"cew-scribble-text\"><h2 class=\"elementor-heading-title elementor-size-default\">So entstehen Recens Barren<\/h2><\/div>\t\t\t\t<\/div>\n\t\t\t\t<\/div>\n\t\t\t\t<div class=\"elementor-element elementor-element-f89a66c elementor-widget elementor-widget-text-editor\" data-id=\"f89a66c\" data-element_type=\"widget\" data-widget_type=\"text-editor.default\">\n\t\t\t\t<div class=\"elementor-widget-container\">\n\t\t\t\t\t\t\t\t\t<p>Wir messen Pr\u00e4zision in Tausendstelgramm!<\/p>\t\t\t\t\t\t\t\t<\/div>\n\t\t\t\t<\/div>\n\t\t\t\t<\/div>\n\t\t\t\t<\/div>\n\t\t<div class=\"elementor-element elementor-element-b3d9ad6 e-con-full e-flex e-con e-child\" data-id=\"b3d9ad6\" data-element_type=\"container\" data-settings=\"{&quot;enable_glow_container&quot;:&quot;no&quot;}\">\n\t\t\t\t<div class=\"elementor-element elementor-element-8b33dcf elementor-widget elementor-widget-cew-timeline-id\" data-id=\"8b33dcf\" data-element_type=\"widget\" data-widget_type=\"cew-timeline-id.default\">\n\t\t\t\t<div class=\"elementor-widget-container\">\n\t\t\t\t\t<div class=\"cew_timeline\">\n    <div class=\"dots\" data-size='4'><\/div>\n      <div class=\"stage\">\n    <div class=\"content\">\n        <h2 class=\"heading\"><b>Zertifiziertes 999,9er Gold aus der Schweiz<\/b><\/h2>\n        <div class=\"body\">Wir verwenden ausschlie\u00dflich Gold mit garantiert h\u00f6chster Reinheit von der Argor-Heraeus Raffinerie. Jeder weitere Schritt basiert auf dieser Reinheit.<\/div>\n    <\/div>\n    <div>\n             \n  <\/div>\n  <\/div>  <div class=\"stage\">\n    <div class=\"content\">\n        <h2 class=\"heading\"><b>Formung des Goldbandes<\/b><\/h2>\n        <div class=\"body\">Die Entwicklung dieser Methode dauerte 7 Jahre. Aus einem massiven 500-g-Barren formen wir in einem mehrt\u00e4gigen Prozess ein perfekt glattes Band mit einer Dicke von weniger als 1 mm.<\/div>\n    <\/div>\n    <div>\n             \n  <\/div>\n  <\/div>  <div class=\"stage\">\n    <div class=\"content\">\n        <h2 class=\"heading\"><b>Mehrstufiges Polieren auf Hochglanz<\/b><\/h2>\n        <div class=\"body\">Mit mikroskopischer Pr\u00e4zision entfernen wir jede Unvollkommenheit, bis eine perfekt glatte Oberfl\u00e4che entsteht.<\/div>\n    <\/div>\n    <div>\n             \n  <\/div>\n  <\/div>  <div class=\"stage\">\n    <div class=\"content\">\n        <h2 class=\"heading\"><b>Schneiden und Gravieren mit Lasertechnologie<\/b><\/h2>\n        <div class=\"body\">Der pr\u00e4zise Laserstrahl hat traditionelle Methoden ersetzt. Wir k\u00f6nnen jedes Detail Ihres Logos mit h\u00f6chster Pr\u00e4zision und Wiederholbarkeit abbilden.<\/div>\n    <\/div>\n    <div>\n             \n  <\/div>\n  <\/div>  <div class=\"stage\">\n    <div class=\"content\">\n        <h2 class=\"heading\"><b>Gewichtskontrolle mit einer Toleranz von bis zu 0,001 g<\/b><\/h2>\n        <div class=\"body\">Sie erhalten nicht nur Gold, sondern auch Gewissheit. Der Wert, den Sie weitergeben, ist pr\u00e4zise und verifiziert. Das ist Ehrlichkeit, die im Herzen des Produkts verankert ist.<\/div>\n    <\/div>\n    <div>\n             \n  <\/div>\n  <\/div>\n<\/div>\t\t\t\t<\/div>\n\t\t\t\t<\/div>\n\t\t\t\t<\/div>\n\t\t<div class=\"elementor-element elementor-element-359d75d e-con-full e-flex e-con e-child\" data-id=\"359d75d\" data-element_type=\"container\" data-settings=\"{&quot;enable_glow_container&quot;:&quot;no&quot;}\">\n\t\t\t\t<div class=\"elementor-element elementor-element-11c1d9d elementor-widget elementor-widget-heading\" data-id=\"11c1d9d\" data-element_type=\"widget\" data-widget_type=\"heading.default\">\n\t\t\t\t<div class=\"elementor-widget-container\">\n\t\t\t\t\t<div data-scribble-type=\"squiggleUnderline2\" class=\"cew-scribble-text\"><h2 class=\"elementor-heading-title elementor-size-default\">All dies wird Teil Ihres Projekts.<\/h2><\/div>\t\t\t\t<\/div>\n\t\t\t\t<\/div>\n\t\t\t\t<\/div>\n\t\t\t\t<\/div>\n\t\t\t\t<\/div>\n\t\t","protected":false},"excerpt":{"rendered":"<p>Technologie im Dienste der Edelmetalle Gold in seiner reinsten Form. Perfektion in jedem Detail Premium-Qualit\u00e4t kennt keine Kompromisse. Wir auch nicht. Nur das Beste erreicht Sie. Dies stellen wir in jeder Produktionsphase sicher.https:\/\/recens.com\/wp-content\/uploads\/2025\/09\/6.1PLKaua-ezgif.com-crop-video.mov Scrollen So entstehen Recens Barren Wir messen Pr\u00e4zision in Tausendstelgramm! Zertifiziertes 999,9er Gold aus der Schweiz Wir verwenden ausschlie\u00dflich Gold mit garantiert [&hellip;]<\/p>\n","protected":false},"author":1,"featured_media":0,"parent":0,"menu_order":0,"comment_status":"closed","ping_status":"closed","template":"","meta":{"footnotes":""},"class_list":["post-3885","page","type-page","status-publish","hentry"],"_links":{"self":[{"href":"https:\/\/recens.com\/de\/wp-json\/wp\/v2\/pages\/3885","targetHints":{"allow":["GET"]}}],"collection":[{"href":"https:\/\/recens.com\/de\/wp-json\/wp\/v2\/pages"}],"about":[{"href":"https:\/\/recens.com\/de\/wp-json\/wp\/v2\/types\/page"}],"author":[{"embeddable":true,"href":"https:\/\/recens.com\/de\/wp-json\/wp\/v2\/users\/1"}],"replies":[{"embeddable":true,"href":"https:\/\/recens.com\/de\/wp-json\/wp\/v2\/comments?post=3885"}],"version-history":[{"count":1,"href":"https:\/\/recens.com\/de\/wp-json\/wp\/v2\/pages\/3885\/revisions"}],"predecessor-version":[{"id":3886,"href":"https:\/\/recens.com\/de\/wp-json\/wp\/v2\/pages\/3885\/revisions\/3886"}],"wp:attachment":[{"href":"https:\/\/recens.com\/de\/wp-json\/wp\/v2\/media?parent=3885"}],"curies":[{"name":"wp","href":"https:\/\/api.w.org\/{rel}","templated":true}]}}